{"id":813,"date":"2017-06-03T16:11:54","date_gmt":"2017-06-03T16:11:54","guid":{"rendered":"https:\/\/www.oros-herbs.com\/terms-conditions\/"},"modified":"2018-05-15T09:52:51","modified_gmt":"2018-05-15T09:52:51","slug":"conditions-generales","status":"publish","type":"page","link":"https:\/\/www.oros-herbs.com\/fr\/conditions-generales\/","title":{"rendered":"CONDITIONS G\u00c9N\u00c9RALES"},"content":{"rendered":"<h4 class=\"p2\"><span class=\"s1\">oros-herbs.com<\/span><\/h4>\n<p class=\"p3\"><span class=\"s1\">The website oros-herbs.com is provided by A.K. GAKIS O.E. (hereinafter referred to as \u201cEnterprise\u201d, \u201cwe\u201d, \u201cus), based in Grammatiko, Sofades, PC 43300, Karditsa, Greece with Tax Registration Number 800982029, Tax Office of Karditsa and e-mail address <a href=\"mailto:info@oros-herbs.com\"><span class=\"s2\">info@oros-herbs.com<\/span><\/a><\/span> <span class=\"s1\">and describes the services of cultivation, processing and trade of aromatic plants, herbs and infusions, under the following terms and conditions. By accessing or using the site, you are acknowledging that you have read, understood, and agreed, without limitation or qualification, to be bound by these Terms and Conditions which include our Privacy Policy which have been drafted in conformity with Laws 2251\/1994, 2472\/1997 and 3471\/2006 as in force, as well as EC legislation and principles of law. <\/span><\/p>\n<p class=\"p3\"><span class=\"s1\">In the access or use of the site, you shall comply with these Terms and Conditions and the special warnings or instructions for access or use posted on the site. You shall act always in accordance with the law, custom and in good faith. <\/span><\/p>\n<p class=\"p3\"><span class=\"s1\">You are not allowed to make any change or alteration to the site or any content or services that may appear on this site and are not allowed impair in any way the integrity or operation of the site. If you default negligently or willfully in any of the obligations set in these Terms and Conditions (including our Privacy Policy), you shall be liable for all the losses and damages that this may cause to the Enterprise, our affiliates, partners or licensors. <\/span><\/p>\n<p class=\"p3\"><span class=\"s1\">All information offered by oros-herbs.com is intended to be used for educational or informational purposes only. The statements and products are not intended to diagnose, treat, cure or prevent any condition or disease. <\/span><\/p>\n<h4 class=\"p5\"><span class=\"s1\">ACCURACY OF INFORMATION<\/span><\/h4>\n<p class=\"p6\"><span class=\"s1\">When describing our products on the site, we attempt to be as accurate as possible. However, to the extent permitted by applicable law, we do not warrant that the product descriptions, colours or other content available on the site are accurate, complete, reliable, current, or error-free.<\/span><\/p>\n<h4 class=\"p7\"><span class=\"s1\">LINKS<\/span><\/h4>\n<p class=\"p8\"><span class=\"s1\">The present website may contain links to external websites and respectively, external websites may contain links to the present website. We are not responsible for the content or operation of these external websites and we do not necessarily welcome or approve the information, materials, products or services described or accessible through them. We also disclaim any liability, as it has arisen, concerning the content or operation of any external site.<\/span><\/p>\n<h4 class=\"p2\"><span class=\"s1\">INTELLECTUAL PROPERTY &#8211; TRADEMARKS<\/span><\/h4>\n<p class=\"p3\"><span class=\"s1\">All content available on the site, including but not limited to text, graphics, logos, button icons, images, audio clips, data compilations and software, and their compilation is the property of AIMILIA NATURAL PERSON, its affiliates, partners or licensors.<\/span><\/p>\n<p class=\"p6\"><span class=\"s1\">All brand, product and service names used in the site are the trademarks, trade names or service marks of<\/span> <span class=\"s1\">the Enterprise unless otherwise stated. You may not distribute products or offer services under or by reference to or otherwise use or reproduce any such trade marks, trade names or service marks, or use any meta tags or any other \u00ab\u00a0hidden text\u00a0\u00bb utilizing any such trademarks, trade names or service marks, without the express prior written permission of<\/span> <span class=\"s1\">the Enterprise or the owner of such trade marks, trade names or service marks.<\/span><\/p>\n<h4 class=\"p2\"><span class=\"s1\">PRODUCTS<\/span><\/h4>\n<p class=\"p6\"><span class=\"s1\">All products and services available on the site are governed by these Terms and Conditions and Privacy Policy. Any kind of information relevant to any of those products or services such as product availability, products features, and other relevant information is available on the products page.<\/span><\/p>\n<h4 class=\"p2\"><span class=\"s1\">SUBMISSION<\/span><\/h4>\n<p class=\"p6\"><span class=\"s1\">We do not wish to receive any confidential, secret or proprietary information or other material from you either through the site, any of its services, by e-mail, or in any other way. Unless otherwise expressly agreed in writing prior to your submission to us, any comments, information or other material submitted or sent to us will be deemed not to be confidential or secret. By submitting or sending comments, feedback, information or other material to us you represent and warrant that the information and material is original to you and that no other party has any rights to the information or material. All comments, feedback, information or other material submitted shall be and remain property of the Enterprise and we shall have the unrestricted, worldwide right to use, reproduce, modify, adapt, publish, translate, create derivative works from, distribute, perform and display such material and information (in whole or part) worldwide and\/or to incorporate it in other works in any form, media, or technology now known or later developed. You also warrant that any \u00ab\u00a0moral rights\u00a0\u00bb in posted information and materials have been waived.<\/span><\/p>\n<h4 class=\"p2\"><span class=\"s1\">DISCLAIMER OF WARRANTIES AND LIABILITY<\/span><\/h4>\n<p class=\"p3\"><span class=\"s1\">The site, and any content available on the site, are provided on an \u00ab\u00a0as-is\u00a0\u00bb and \u00ab\u00a0as available\u00a0\u00bb basis. To the fullest extent permitted by law, the Enterprise disclaims all warranties, express or implied, including but not limited to all warranties of merchantability, fitness for a particular purpose, title and non-infringement. You expressly agree that use of the site is at your sole risk and you assume full responsibility for all costs associated with all necessary servicing or repairs of any equipment you use in connection with your use of the site. <\/span><\/p>\n<p class=\"p3\"><span class=\"s1\">Neither we nor any of our business partners represent or warrant that the site will be uninterrupted or error-free, that defects, if any, will be corrected, or that the site is free of viruses or other harmful components. Nor do we or they make any representations or warranties about the accuracy, reliability, currency, quality, performance or suitability of the site or any content available on the site. In the event of any problem with the site or any content, you agree that your sole remedy is to cease using the site.<\/span><\/p>\n<p class=\"p9\"><span class=\"s1\">We do not take any responsibility (regardless of how it emerged) towards the users of the present or external websites for any loss or damage associated with the use or inability to use the website, its content or the links contained in it.<\/span><\/p>\n<p class=\"p3\"><span class=\"s1\">All products and services listed or purchased on or through the site are subject only to any applicable express warranties. To the fullest extent permissible by applicable law, we disclaim all other warranties of any kind, either express or implied, including, but not limited to, any implied warranties of merchantability or fitness for a particular purpose, with respect to products and services listed or purchased on or through the site. We disclaim any and all liability for product defect or failure, claims that are due to normal wear, product misuse, abuse, product modification, improper product selection, non-compliance with any codes, or misapplication.<\/span><\/p>\n<p class=\"p6\"><span class=\"s1\">Notwithstanding anything to the contrary.<\/span><\/p>\n<h4 class=\"p2\"><span class=\"s1\">INDEMNIFICATION<\/span><\/h4>\n<p class=\"p6\"><span class=\"s1\">You agree to defend, indemnify and hold us harmless for any loss, damages or costs, including reasonable attorneys&rsquo; fees, resulting from any third party claim, action, or demand resulting from your use of the site. You also agree to indemnify us for any loss, damages, or costs, including reasonable attorneys&rsquo; fees, resulting from your use of software robots, spiders, crawlers, or similar data gathering and extraction tools, or any other action you take that imposes an unreasonable burden or load on our infrastructure.<\/span><\/p>\n<h4 class=\"p2\"><span class=\"s1\">\u0395\u03a6\u0391\u03a1\u039c\u039f\u03a3\u03a4\u0395\u039f \u0394\u0399\u039a\u0391\u0399\u039f \u039a\u0391\u0399 \u039b\u039f\u0399\u03a0\u039f\u0399 \u039f\u03a1\u039f\u0399<\/span><\/h4>\n<p class=\"p3\"><span class=\"s1\">Any transaction executed through this site or any other activity in relation to this site and to these Terms and Conditions, Privacy Policy shall be governed by Greek law and any relevant dispute shall be subject to the exclusive jurisdiction of the competent court of the city of Athens, Greece.<\/span><\/p>\n<p class=\"p6\"><span class=\"s1\">Any provision of these present terms and Privacy Policy which shall be deemed to be against law ceases automatically to be valid without in any way affecting the validity of the rest of the terms.<\/span><\/p>\n<h4 class=\"p2\"><span class=\"s1\">\u03a4\u03a1\u039f\u03a0\u039f\u03a0\u039f\u0399\u0397\u03a3\u0397 \u03a4\u03a9\u039d \u039f\u03a1\u03a9\u039d \u039a\u0391\u0399 \u03a0\u03a1\u039f\u03a5\u03a0\u039f\u0398\u0395\u03a3\u0395\u03a9\u039d<\/span><\/h4>\n<p class=\"p3\"><span class=\"s1\">You acknowledge and agree that these Terms and Conditions, which include our Privacy Policy, constitute the complete and exclusive agreement between us concerning your use of this site. We reserve the right to change these Terms and Conditions at any time by posting the changes on the site. Any such amendment shall be effective once the revised terms have been posted on the site. Your continued use of the site constitutes your agreement to all such Terms and Conditions. We may, with or without prior notice, terminate any of the rights granted by these Terms and Conditions. You shall comply immediately with any termination or other notice, including, as applicable, by ceasing all use of the site. We encourage you to visit this section of our site regularly in order for you to remain informed of any changes.<\/span><\/p>\n","protected":false},"excerpt":{"rendered":"<p>oros-herbs.com The website oros-herbs.com is provided by A.K. GAKIS O.E.<a href=\"https:\/\/www.oros-herbs.com\/fr\/conditions-generales\/\">&#8230;<\/a><\/p>\n","protected":false},"author":5,"featured_media":0,"parent":0,"menu_order":0,"comment_status":"closed","ping_status":"closed","template":"template-sidebar.php","meta":{"_acf_changed":false,"footnotes":""},"class_list":["post-813","page","type-page","status-publish","hentry"],"acf":[],"yoast_head":"<!-- This site is optimized with the Yoast SEO plugin v25.6 - https:\/\/yoast.com\/wordpress\/plugins\/seo\/ -->\n<title>Conditions g\u00e9n\u00e9rales - OROS Hellenic Organic Herb Cultivations<\/title>\n<meta name=\"description\" content=\"Culture des herbes et des plantes aromatiques : th\u00e9 des bergers grec (Sideritis), lavande vraie (Lavandula angustifolia), origan grec (Origanum vulgaris).\" \/>\n<meta name=\"robots\" content=\"index, follow, max-snippet:-1, max-image-preview:large, max-video-preview:-1\" \/>\n<link rel=\"canonical\" href=\"https:\/\/www.oros-herbs.com\/fr\/conditions-generales\/\" \/>\n<meta property=\"og:locale\" content=\"fr_FR\" \/>\n<meta property=\"og:type\" content=\"article\" \/>\n<meta property=\"og:title\" content=\"Conditions g\u00e9n\u00e9rales - OROS Hellenic Organic Herb Cultivations\" \/>\n<meta property=\"og:description\" content=\"Culture des herbes et des plantes aromatiques : th\u00e9 des bergers grec (Sideritis), lavande vraie (Lavandula angustifolia), origan grec (Origanum vulgaris).\" \/>\n<meta property=\"og:url\" content=\"https:\/\/www.oros-herbs.com\/fr\/conditions-generales\/\" \/>\n<meta property=\"og:site_name\" content=\"Oros\" \/>\n<meta property=\"article:publisher\" content=\"https:\/\/www.facebook.com\/orosorganicherbs\/\" \/>\n<meta property=\"article:modified_time\" content=\"2018-05-15T09:52:51+00:00\" \/>\n<meta property=\"og:image\" content=\"https:\/\/www.oros-herbs.com\/wp-content\/uploads\/2017\/09\/logo-oros.png\" \/>\n\t<meta property=\"og:image:width\" content=\"1000\" \/>\n\t<meta property=\"og:image:height\" content=\"795\" \/>\n\t<meta property=\"og:image:type\" content=\"image\/png\" \/>\n<meta name=\"twitter:card\" content=\"summary_large_image\" \/>\n<meta name=\"twitter:label1\" content=\"Dur\u00e9e de lecture estim\u00e9e\" \/>\n\t<meta name=\"twitter:data1\" content=\"7 minutes\" \/>\n<script type=\"application\/ld+json\" class=\"yoast-schema-graph\">{\"@context\":\"https:\/\/schema.org\",\"@graph\":[{\"@type\":\"WebPage\",\"@id\":\"https:\/\/www.oros-herbs.com\/fr\/conditions-generales\/\",\"url\":\"https:\/\/www.oros-herbs.com\/fr\/conditions-generales\/\",\"name\":\"Conditions g\u00e9n\u00e9rales - OROS Hellenic Organic Herb Cultivations\",\"isPartOf\":{\"@id\":\"https:\/\/www.oros-herbs.com\/#website\"},\"datePublished\":\"2017-06-03T16:11:54+00:00\",\"dateModified\":\"2018-05-15T09:52:51+00:00\",\"description\":\"Culture des herbes et des plantes aromatiques : th\u00e9 des bergers grec (Sideritis), lavande vraie (Lavandula angustifolia), origan grec (Origanum vulgaris).\",\"breadcrumb\":{\"@id\":\"https:\/\/www.oros-herbs.com\/fr\/conditions-generales\/#breadcrumb\"},\"inLanguage\":\"fr-FR\",\"potentialAction\":[{\"@type\":\"ReadAction\",\"target\":[\"https:\/\/www.oros-herbs.com\/fr\/conditions-generales\/\"]}]},{\"@type\":\"BreadcrumbList\",\"@id\":\"https:\/\/www.oros-herbs.com\/fr\/conditions-generales\/#breadcrumb\",\"itemListElement\":[{\"@type\":\"ListItem\",\"position\":1,\"name\":\"Home\",\"item\":\"https:\/\/www.oros-herbs.com\/fr\/homepage\/\"},{\"@type\":\"ListItem\",\"position\":2,\"name\":\"CONDITIONS G\u00c9N\u00c9RALES\"}]},{\"@type\":\"WebSite\",\"@id\":\"https:\/\/www.oros-herbs.com\/#website\",\"url\":\"https:\/\/www.oros-herbs.com\/\",\"name\":\"Oros\",\"description\":\"Hellenic Organic Herb Cultivation\",\"publisher\":{\"@id\":\"https:\/\/www.oros-herbs.com\/#organization\"},\"potentialAction\":[{\"@type\":\"SearchAction\",\"target\":{\"@type\":\"EntryPoint\",\"urlTemplate\":\"https:\/\/www.oros-herbs.com\/?s={search_term_string}\"},\"query-input\":{\"@type\":\"PropertyValueSpecification\",\"valueRequired\":true,\"valueName\":\"search_term_string\"}}],\"inLanguage\":\"fr-FR\"},{\"@type\":\"Organization\",\"@id\":\"https:\/\/www.oros-herbs.com\/#organization\",\"name\":\"Oros Herbs\",\"url\":\"https:\/\/www.oros-herbs.com\/\",\"logo\":{\"@type\":\"ImageObject\",\"inLanguage\":\"fr-FR\",\"@id\":\"https:\/\/www.oros-herbs.com\/#\/schema\/logo\/image\/\",\"url\":\"\/wp-content\/uploads\/2017\/09\/logo-oros.png\",\"contentUrl\":\"\/wp-content\/uploads\/2017\/09\/logo-oros.png\",\"width\":1000,\"height\":795,\"caption\":\"Oros Herbs\"},\"image\":{\"@id\":\"https:\/\/www.oros-herbs.com\/#\/schema\/logo\/image\/\"},\"sameAs\":[\"https:\/\/www.facebook.com\/orosorganicherbs\/\",\"https:\/\/www.youtube.com\/channel\/UC-v4NyHsMBnAQ3eYCrH6jwQ\"]}]}<\/script>\n<!-- \/ Yoast SEO plugin. -->","yoast_head_json":{"title":"Conditions g\u00e9n\u00e9rales - OROS Hellenic Organic Herb Cultivations","description":"Culture des herbes et des plantes aromatiques : th\u00e9 des bergers grec (Sideritis), lavande vraie (Lavandula angustifolia), origan grec (Origanum vulgaris).","robots":{"index":"index","follow":"follow","max-snippet":"max-snippet:-1","max-image-preview":"max-image-preview:large","max-video-preview":"max-video-preview:-1"},"canonical":"https:\/\/www.oros-herbs.com\/fr\/conditions-generales\/","og_locale":"fr_FR","og_type":"article","og_title":"Conditions g\u00e9n\u00e9rales - OROS Hellenic Organic Herb Cultivations","og_description":"Culture des herbes et des plantes aromatiques : th\u00e9 des bergers grec (Sideritis), lavande vraie (Lavandula angustifolia), origan grec (Origanum vulgaris).","og_url":"https:\/\/www.oros-herbs.com\/fr\/conditions-generales\/","og_site_name":"Oros","article_publisher":"https:\/\/www.facebook.com\/orosorganicherbs\/","article_modified_time":"2018-05-15T09:52:51+00:00","og_image":[{"width":1000,"height":795,"url":"https:\/\/www.oros-herbs.com\/wp-content\/uploads\/2017\/09\/logo-oros.png","type":"image\/png"}],"twitter_card":"summary_large_image","twitter_misc":{"Dur\u00e9e de lecture estim\u00e9e":"7 minutes"},"schema":{"@context":"https:\/\/schema.org","@graph":[{"@type":"WebPage","@id":"https:\/\/www.oros-herbs.com\/fr\/conditions-generales\/","url":"https:\/\/www.oros-herbs.com\/fr\/conditions-generales\/","name":"Conditions g\u00e9n\u00e9rales - OROS Hellenic Organic Herb Cultivations","isPartOf":{"@id":"https:\/\/www.oros-herbs.com\/#website"},"datePublished":"2017-06-03T16:11:54+00:00","dateModified":"2018-05-15T09:52:51+00:00","description":"Culture des herbes et des plantes aromatiques : th\u00e9 des bergers grec (Sideritis), lavande vraie (Lavandula angustifolia), origan grec (Origanum vulgaris).","breadcrumb":{"@id":"https:\/\/www.oros-herbs.com\/fr\/conditions-generales\/#breadcrumb"},"inLanguage":"fr-FR","potentialAction":[{"@type":"ReadAction","target":["https:\/\/www.oros-herbs.com\/fr\/conditions-generales\/"]}]},{"@type":"BreadcrumbList","@id":"https:\/\/www.oros-herbs.com\/fr\/conditions-generales\/#breadcrumb","itemListElement":[{"@type":"ListItem","position":1,"name":"Home","item":"https:\/\/www.oros-herbs.com\/fr\/homepage\/"},{"@type":"ListItem","position":2,"name":"CONDITIONS G\u00c9N\u00c9RALES"}]},{"@type":"WebSite","@id":"https:\/\/www.oros-herbs.com\/#website","url":"https:\/\/www.oros-herbs.com\/","name":"Oros","description":"Hellenic Organic Herb Cultivation","publisher":{"@id":"https:\/\/www.oros-herbs.com\/#organization"},"potentialAction":[{"@type":"SearchAction","target":{"@type":"EntryPoint","urlTemplate":"https:\/\/www.oros-herbs.com\/?s={search_term_string}"},"query-input":{"@type":"PropertyValueSpecification","valueRequired":true,"valueName":"search_term_string"}}],"inLanguage":"fr-FR"},{"@type":"Organization","@id":"https:\/\/www.oros-herbs.com\/#organization","name":"Oros Herbs","url":"https:\/\/www.oros-herbs.com\/","logo":{"@type":"ImageObject","inLanguage":"fr-FR","@id":"https:\/\/www.oros-herbs.com\/#\/schema\/logo\/image\/","url":"\/wp-content\/uploads\/2017\/09\/logo-oros.png","contentUrl":"\/wp-content\/uploads\/2017\/09\/logo-oros.png","width":1000,"height":795,"caption":"Oros Herbs"},"image":{"@id":"https:\/\/www.oros-herbs.com\/#\/schema\/logo\/image\/"},"sameAs":["https:\/\/www.facebook.com\/orosorganicherbs\/","https:\/\/www.youtube.com\/channel\/UC-v4NyHsMBnAQ3eYCrH6jwQ"]}]}},"_links":{"self":[{"href":"https:\/\/www.oros-herbs.com\/fr\/wp-json\/wp\/v2\/pages\/813"}],"collection":[{"href":"https:\/\/www.oros-herbs.com\/fr\/wp-json\/wp\/v2\/pages"}],"about":[{"href":"https:\/\/www.oros-herbs.com\/fr\/wp-json\/wp\/v2\/types\/page"}],"author":[{"embeddable":true,"href":"https:\/\/www.oros-herbs.com\/fr\/wp-json\/wp\/v2\/users\/5"}],"replies":[{"embeddable":true,"href":"https:\/\/www.oros-herbs.com\/fr\/wp-json\/wp\/v2\/comments?post=813"}],"version-history":[{"count":3,"href":"https:\/\/www.oros-herbs.com\/fr\/wp-json\/wp\/v2\/pages\/813\/revisions"}],"predecessor-version":[{"id":1279,"href":"https:\/\/www.oros-herbs.com\/fr\/wp-json\/wp\/v2\/pages\/813\/revisions\/1279"}],"wp:attachment":[{"href":"https:\/\/www.oros-herbs.com\/fr\/wp-json\/wp\/v2\/media?parent=813"}],"curies":[{"name":"wp","href":"https:\/\/api.w.org\/{rel}","templated":true}]}}